{"id":2965,"date":"2016-08-17T08:09:29","date_gmt":"2016-08-17T06:09:29","guid":{"rendered":"https:\/\/www.caferiese.de\/v2\/handwerk\/"},"modified":"2019-10-01T15:03:17","modified_gmt":"2019-10-01T13:03:17","slug":"ourcrafts","status":"publish","type":"page","link":"https:\/\/caferiese.de\/en\/about-us\/ourcrafts\/","title":{"rendered":"Our Crafts"},"content":{"rendered":"\n<style type=\"text\/css\" data-created_by=\"avia_inline_auto\" id=\"style-css-av-k0c45buv-7defd11ce130f426133efcbe6a9d2069\">\n.avia-section.av-k0c45buv-7defd11ce130f426133efcbe6a9d2069{\nbackground-repeat:no-repeat;\nbackground-image:url(https:\/\/caferiese.de\/wp-content\/uploads\/2016\/09\/Header_Handwerk.jpg);\nbackground-position:50% 50%;\nbackground-attachment:scroll;\n}\n<\/style>\n<div id='av_section_1'  class='avia-section av-k0c45buv-7defd11ce130f426133efcbe6a9d2069 main_color avia-section-default avia-no-border-styling  avia-builder-el-0  el_before_av_section  avia-builder-el-first  no_bg avia-full-stretch avia-bg-style-scroll av-minimum-height av-minimum-height-75 av-height-75  container_wrap fullsize'  data-section-bg-repeat='stretch' data-av_minimum_height_pc='75' data-av_min_height_opt='75'><div class='container av-section-cont-open' ><main  role=\"main\" itemprop=\"mainContentOfPage\"  class='template-page content  av-content-full alpha units'><div class='post-entry post-entry-type-page post-entry-2965'><div class='entry-content-wrapper clearfix'>\n\n<style type=\"text\/css\" data-created_by=\"avia_inline_auto\" id=\"style-css-av-k16502wh-a1c7c68c46e722479056588ae1568407\">\n#top .av-special-heading.av-k16502wh-a1c7c68c46e722479056588ae1568407{\npadding-bottom:10px;\n}\nbody .av-special-heading.av-k16502wh-a1c7c68c46e722479056588ae1568407 .av-special-heading-tag .heading-char{\nfont-size:25px;\n}\n.av-special-heading.av-k16502wh-a1c7c68c46e722479056588ae1568407 .av-subheading{\nfont-size:15px;\n}\n<\/style>\n<div  class='av-special-heading av-k16502wh-a1c7c68c46e722479056588ae1568407 av-special-heading-h1 custom-color-heading blockquote modern-quote modern-centered  avia-builder-el-1  avia-builder-el-no-sibling '><h1 class='av-special-heading-tag '  itemprop=\"headline\"  >Our Crafts<\/h1><div class=\"special-heading-border\"><div class=\"special-heading-inner-border\"><\/div><\/div><\/div>\n<\/div><\/div><\/main><!-- close content main element --><\/div><\/div><div id='av_section_2'  class='avia-section av-k0c4ctsz-54f8a014170d4cdca7fda14c12115b8a main_color avia-section-default avia-no-border-styling  avia-builder-el-2  el_after_av_section  el_before_av_layout_row  no_bg avia-bg-style-scroll container_wrap fullsize'  ><div class='container av-section-cont-open' ><div class='template-page content  av-content-full alpha units'><div class='post-entry post-entry-type-page post-entry-2965'><div class='entry-content-wrapper clearfix'>\n\n<style type=\"text\/css\" data-created_by=\"avia_inline_auto\" id=\"style-css-av-9fcp3-82686576b90c79d3535b08f4d46e8bd9\">\n.flex_column.av-9fcp3-82686576b90c79d3535b08f4d46e8bd9{\nborder-radius:0px 0px 0px 0px;\npadding:50px 50px 50px 50px;\n}\n<\/style>\n<div  class='flex_column av-9fcp3-82686576b90c79d3535b08f4d46e8bd9 av_one_full  avia-builder-el-3  avia-builder-el-no-sibling  first flex_column_div  '     ><p>\n<style type=\"text\/css\" data-created_by=\"avia_inline_auto\" id=\"style-css-av-k0fgaz83-54a292ee3456e1d2773c5f65506ccf15\">\n#top .av-special-heading.av-k0fgaz83-54a292ee3456e1d2773c5f65506ccf15{\npadding-bottom:10px;\n}\nbody .av-special-heading.av-k0fgaz83-54a292ee3456e1d2773c5f65506ccf15 .av-special-heading-tag .heading-char{\nfont-size:25px;\n}\n.av-special-heading.av-k0fgaz83-54a292ee3456e1d2773c5f65506ccf15 .av-subheading{\nfont-size:15px;\n}\n<\/style>\n<div  class='av-special-heading av-k0fgaz83-54a292ee3456e1d2773c5f65506ccf15 av-special-heading-h2 blockquote modern-quote modern-centered  avia-builder-el-4  el_before_av_textblock  avia-builder-el-first '><h2 class='av-special-heading-tag '  itemprop=\"headline\"  >WE LEAVE NOTHING TO CHANCE<\/h2><div class=\"special-heading-border\"><div class=\"special-heading-inner-border\"><\/div><\/div><\/div><br \/>\n<section  class='av_textblock_section av-k0c4bypb-d9f4f232ec80ab0ff12ddf1d28f5a5c1 '   itemscope=\"itemscope\" itemtype=\"https:\/\/schema.org\/CreativeWork\" ><div class='avia_textblock'  itemprop=\"text\" ><p style=\"text-align: center;\">At Caf\u00e9 Riese everything is handmade.<\/p>\n<\/div><\/section><\/p><\/div>\n<\/p>\n<\/div><\/div><\/div><!-- close content main div --><\/div><\/div><div id='av-layout-grid-1'  class='av-layout-grid-container av-fw3jz-2863e0ec65ff573695e43b29233540af entry-content-wrapper main_color av-flex-cells  avia-builder-el-6  el_after_av_section  el_before_av_section  grid-row-not-first  container_wrap fullsize'  >\n\n<style type=\"text\/css\" data-created_by=\"avia_inline_auto\" id=\"style-css-av-k0c4hsfn-01e43530cefada35f7cbb6d95a8a0fd3\">\n.flex_cell.av-k0c4hsfn-01e43530cefada35f7cbb6d95a8a0fd3{\nvertical-align:top;\nbackground:url(https:\/\/caferiese.de\/wp-content\/uploads\/2016\/09\/Handwerk_960x540.jpg) 50% 50% no-repeat scroll ;\n}\n.responsive #top #wrap_all .flex_cell.av-k0c4hsfn-01e43530cefada35f7cbb6d95a8a0fd3{\npadding:100px 100px 100px 100px !important;\n}\n<\/style>\n<div class='flex_cell av-k0c4hsfn-01e43530cefada35f7cbb6d95a8a0fd3 av-gridrow-cell av_one_half no_margin  avia-builder-el-7  el_before_av_cell_one_half  avia-builder-el-first  avia-full-stretch'  ><div class='flex_cell_inner'><\/div><\/div>\n<style type=\"text\/css\" data-created_by=\"avia_inline_auto\" id=\"style-css-av-93ddb-0932e88ac17d87e10cc9449a0534bd1e\">\n.flex_cell.av-93ddb-0932e88ac17d87e10cc9449a0534bd1e{\nvertical-align:middle;\nbackground-color:#ffffff;\n}\n.responsive #top #wrap_all .flex_cell.av-93ddb-0932e88ac17d87e10cc9449a0534bd1e{\npadding:100px 100px 100px 100px !important;\n}\n<\/style>\n<div class='flex_cell av-93ddb-0932e88ac17d87e10cc9449a0534bd1e av-gridrow-cell av_one_half no_margin  avia-builder-el-8  el_after_av_cell_one_half  avia-builder-el-last '  ><div class='flex_cell_inner'><p>\n<style type=\"text\/css\" data-created_by=\"avia_inline_auto\" id=\"style-css-av-2fsuv9-bec605638bbe2213c86f2af0ea82f8fb\">\n#top .av-special-heading.av-2fsuv9-bec605638bbe2213c86f2af0ea82f8fb{\npadding-bottom:10px;\n}\nbody .av-special-heading.av-2fsuv9-bec605638bbe2213c86f2af0ea82f8fb .av-special-heading-tag .heading-char{\nfont-size:25px;\n}\n.av-special-heading.av-2fsuv9-bec605638bbe2213c86f2af0ea82f8fb .av-subheading{\nfont-size:15px;\n}\n<\/style>\n<div  class='av-special-heading av-2fsuv9-bec605638bbe2213c86f2af0ea82f8fb av-special-heading-h3 blockquote modern-quote  avia-builder-el-9  el_before_av_textblock  avia-builder-el-first '><h3 class='av-special-heading-tag '  itemprop=\"headline\"  >SPECIALISTS AT WORK<\/h3><div class=\"special-heading-border\"><div class=\"special-heading-inner-border\"><\/div><\/div><\/div><br \/>\n<section  class='av_textblock_section av-k0c4j6uf-babd1e2f28115206cf98f94ce84d6fb7 '   itemscope=\"itemscope\" itemtype=\"https:\/\/schema.org\/CreativeWork\" ><div class='avia_textblock'  itemprop=\"text\" ><p>Starting with the fragrance of freshly brewed coffee handmade by our barista, passing by the delicious specialties of our master baker at the bread counter and continuing to the mouth-watering creations of our confectioners from the confectionery and cake shop \u2013 wherever you look or smell, there are specialists at work in every department who master their metier in a superior manner!<\/p>\n<p>The diversity of our products is our recipe for success. Meet a unique choice of tempting cream cakes, delicious tarts and biscuits, finest chocolate-pralines and fragrant coffee specialties.<br \/>\nYou will also find our savoury \u201eRies\u00e4ppchen\u201c (Cologne style tapas), the fresh and homemade daily menus, our bread selection and our home made \u2018Riese-Ice-Cream\u2019 equally inviting.<\/p>\n<div class=\"wpb_row vc_row-fluid\">\n<div class=\"vc_span12 wpb_column column_container\">\n<div class=\"wpb_wrapper\">\n<div class=\"wpb_text_column wpb_content_element \">\n<div class=\"wpb_wrapper\"><\/div>\n<\/div>\n<\/div>\n<\/div>\n<\/div>\n<\/div><\/section><\/p>\n<\/div><\/div>\n<\/div>\n<div id='av_section_3'  class='avia-section av-k0c4ctsz-54f8a014170d4cdca7fda14c12115b8a main_color avia-section-default avia-no-border-styling  avia-builder-el-11  el_after_av_layout_row  avia-builder-el-last  no_bg avia-bg-style-scroll container_wrap fullsize'  ><div class='container av-section-cont-open' ><div class='template-page content  av-content-full alpha units'><div class='post-entry post-entry-type-page post-entry-2965'><div class='entry-content-wrapper clearfix'>\n\n<style type=\"text\/css\" data-created_by=\"avia_inline_auto\" id=\"style-css-av-9fcp3-82686576b90c79d3535b08f4d46e8bd9\">\n.flex_column.av-9fcp3-82686576b90c79d3535b08f4d46e8bd9{\nborder-radius:0px 0px 0px 0px;\npadding:50px 50px 50px 50px;\n}\n<\/style>\n<div  class='flex_column av-9fcp3-82686576b90c79d3535b08f4d46e8bd9 av_one_full  avia-builder-el-12  avia-builder-el-no-sibling  first flex_column_div  '     ><p>\n<style type=\"text\/css\" data-created_by=\"avia_inline_auto\" id=\"style-css-av-2l11k5-cf858e812e4a21a1b0d93dd6223cce62\">\n#top .av-special-heading.av-2l11k5-cf858e812e4a21a1b0d93dd6223cce62{\npadding-bottom:10px;\n}\nbody .av-special-heading.av-2l11k5-cf858e812e4a21a1b0d93dd6223cce62 .av-special-heading-tag .heading-char{\nfont-size:25px;\n}\n.av-special-heading.av-2l11k5-cf858e812e4a21a1b0d93dd6223cce62 .av-subheading{\nfont-size:15px;\n}\n<\/style>\n<div  class='av-special-heading av-2l11k5-cf858e812e4a21a1b0d93dd6223cce62 av-special-heading-h2 blockquote modern-quote modern-centered  avia-builder-el-13  el_before_av_textblock  avia-builder-el-first '><h2 class='av-special-heading-tag '  itemprop=\"headline\"  >Caf\u00e9 Riese \u00e0 la carte<\/h2><div class=\"special-heading-border\"><div class=\"special-heading-inner-border\"><\/div><\/div><\/div><br \/>\n<section  class='av_textblock_section av-k0c4bypb-d9f4f232ec80ab0ff12ddf1d28f5a5c1 '   itemscope=\"itemscope\" itemtype=\"https:\/\/schema.org\/CreativeWork\" ><div class='avia_textblock'  itemprop=\"text\" ><p style=\"text-align: center;\">The big selection of food and beverages guarantees pleasure \u00e0 la carte \u2013 be it in the restaurant, wintergarden or at the classic caf\u00e9<\/p>\n<\/div><\/section><\/p><\/div>\n\n","protected":false},"excerpt":{"rendered":"","protected":false},"author":1,"featured_media":0,"parent":3149,"menu_order":90,"comment_status":"closed","ping_status":"closed","template":"","meta":{"_acf_changed":false,"footnotes":""},"class_list":["post-2965","page","type-page","status-publish","hentry"],"acf":[],"yoast_head":"<!-- This site is optimized with the Yoast SEO plugin v27.4 - https:\/\/yoast.com\/product\/yoast-seo-wordpress\/ -->\n<title>Our Crafts | Caf\u00e9 Riese K\u00f6ln<\/title>\n<meta name=\"description\" content=\"We leave nothing to chance - at Caf\u00e9 Riese everything is handmade. Where selected ingredients meet craftsmanship since 1901.\" \/>\n<meta name=\"robots\" content=\"index, follow, max-snippet:-1, max-image-preview:large, max-video-preview:-1\" \/>\n<link rel=\"canonical\" href=\"https:\/\/caferiese.de\/en\/about-us\/ourcrafts\/\" \/>\n<meta property=\"og:locale\" content=\"en_US\" \/>\n<meta property=\"og:type\" content=\"article\" \/>\n<meta property=\"og:title\" content=\"Our Crafts | Caf\u00e9 Riese K\u00f6ln\" \/>\n<meta property=\"og:description\" content=\"We leave nothing to chance - at Caf\u00e9 Riese everything is handmade. Where selected ingredients meet craftsmanship since 1901.\" \/>\n<meta property=\"og:url\" content=\"https:\/\/caferiese.de\/en\/about-us\/ourcrafts\/\" \/>\n<meta property=\"og:site_name\" content=\"Caf\u00e9 Riese K\u00f6ln\" \/>\n<meta property=\"article:modified_time\" content=\"2019-10-01T13:03:17+00:00\" \/>\n<meta name=\"twitter:card\" content=\"summary_large_image\" \/>\n<meta name=\"twitter:label1\" content=\"Est. reading time\" \/>\n\t<meta name=\"twitter:data1\" content=\"7 minutes\" \/>\n<script type=\"application\/ld+json\" class=\"yoast-schema-graph\">{\"@context\":\"https:\\\/\\\/schema.org\",\"@graph\":[{\"@type\":\"WebPage\",\"@id\":\"https:\\\/\\\/caferiese.de\\\/en\\\/about-us\\\/ourcrafts\\\/\",\"url\":\"https:\\\/\\\/caferiese.de\\\/en\\\/about-us\\\/ourcrafts\\\/\",\"name\":\"Our Crafts | Caf\u00e9 Riese K\u00f6ln\",\"isPartOf\":{\"@id\":\"https:\\\/\\\/caferiese.de\\\/#website\"},\"datePublished\":\"2016-08-17T06:09:29+00:00\",\"dateModified\":\"2019-10-01T13:03:17+00:00\",\"description\":\"We leave nothing to chance - at Caf\u00e9 Riese everything is handmade. Where selected ingredients meet craftsmanship since 1901.\",\"breadcrumb\":{\"@id\":\"https:\\\/\\\/caferiese.de\\\/en\\\/about-us\\\/ourcrafts\\\/#breadcrumb\"},\"inLanguage\":\"en-US\",\"potentialAction\":[{\"@type\":\"ReadAction\",\"target\":[\"https:\\\/\\\/caferiese.de\\\/en\\\/about-us\\\/ourcrafts\\\/\"]}]},{\"@type\":\"BreadcrumbList\",\"@id\":\"https:\\\/\\\/caferiese.de\\\/en\\\/about-us\\\/ourcrafts\\\/#breadcrumb\",\"itemListElement\":[{\"@type\":\"ListItem\",\"position\":1,\"name\":\"Home\",\"item\":\"https:\\\/\\\/caferiese.de\\\/\"},{\"@type\":\"ListItem\",\"position\":2,\"name\":\"About Us\",\"item\":\"https:\\\/\\\/caferiese.de\\\/en\\\/about-us\\\/\"},{\"@type\":\"ListItem\",\"position\":3,\"name\":\"Our Crafts\"}]},{\"@type\":\"WebSite\",\"@id\":\"https:\\\/\\\/caferiese.de\\\/#website\",\"url\":\"https:\\\/\\\/caferiese.de\\\/\",\"name\":\"Caf\u00e9 Riese K\u00f6ln\",\"description\":\"Seit 1901 | Offizielle Website\",\"potentialAction\":[{\"@type\":\"SearchAction\",\"target\":{\"@type\":\"EntryPoint\",\"urlTemplate\":\"https:\\\/\\\/caferiese.de\\\/?s={search_term_string}\"},\"query-input\":{\"@type\":\"PropertyValueSpecification\",\"valueRequired\":true,\"valueName\":\"search_term_string\"}}],\"inLanguage\":\"en-US\"}]}<\/script>\n<!-- \/ Yoast SEO plugin. -->","yoast_head_json":{"title":"Our Crafts | Caf\u00e9 Riese K\u00f6ln","description":"We leave nothing to chance - at Caf\u00e9 Riese everything is handmade. Where selected ingredients meet craftsmanship since 1901.","robots":{"index":"index","follow":"follow","max-snippet":"max-snippet:-1","max-image-preview":"max-image-preview:large","max-video-preview":"max-video-preview:-1"},"canonical":"https:\/\/caferiese.de\/en\/about-us\/ourcrafts\/","og_locale":"en_US","og_type":"article","og_title":"Our Crafts | Caf\u00e9 Riese K\u00f6ln","og_description":"We leave nothing to chance - at Caf\u00e9 Riese everything is handmade. Where selected ingredients meet craftsmanship since 1901.","og_url":"https:\/\/caferiese.de\/en\/about-us\/ourcrafts\/","og_site_name":"Caf\u00e9 Riese K\u00f6ln","article_modified_time":"2019-10-01T13:03:17+00:00","twitter_card":"summary_large_image","twitter_misc":{"Est. reading time":"7 minutes"},"schema":{"@context":"https:\/\/schema.org","@graph":[{"@type":"WebPage","@id":"https:\/\/caferiese.de\/en\/about-us\/ourcrafts\/","url":"https:\/\/caferiese.de\/en\/about-us\/ourcrafts\/","name":"Our Crafts | Caf\u00e9 Riese K\u00f6ln","isPartOf":{"@id":"https:\/\/caferiese.de\/#website"},"datePublished":"2016-08-17T06:09:29+00:00","dateModified":"2019-10-01T13:03:17+00:00","description":"We leave nothing to chance - at Caf\u00e9 Riese everything is handmade. Where selected ingredients meet craftsmanship since 1901.","breadcrumb":{"@id":"https:\/\/caferiese.de\/en\/about-us\/ourcrafts\/#breadcrumb"},"inLanguage":"en-US","potentialAction":[{"@type":"ReadAction","target":["https:\/\/caferiese.de\/en\/about-us\/ourcrafts\/"]}]},{"@type":"BreadcrumbList","@id":"https:\/\/caferiese.de\/en\/about-us\/ourcrafts\/#breadcrumb","itemListElement":[{"@type":"ListItem","position":1,"name":"Home","item":"https:\/\/caferiese.de\/"},{"@type":"ListItem","position":2,"name":"About Us","item":"https:\/\/caferiese.de\/en\/about-us\/"},{"@type":"ListItem","position":3,"name":"Our Crafts"}]},{"@type":"WebSite","@id":"https:\/\/caferiese.de\/#website","url":"https:\/\/caferiese.de\/","name":"Caf\u00e9 Riese K\u00f6ln","description":"Seit 1901 | Offizielle Website","potentialAction":[{"@type":"SearchAction","target":{"@type":"EntryPoint","urlTemplate":"https:\/\/caferiese.de\/?s={search_term_string}"},"query-input":{"@type":"PropertyValueSpecification","valueRequired":true,"valueName":"search_term_string"}}],"inLanguage":"en-US"}]}},"_links":{"self":[{"href":"https:\/\/caferiese.de\/en\/wp-json\/wp\/v2\/pages\/2965","targetHints":{"allow":["GET"]}}],"collection":[{"href":"https:\/\/caferiese.de\/en\/wp-json\/wp\/v2\/pages"}],"about":[{"href":"https:\/\/caferiese.de\/en\/wp-json\/wp\/v2\/types\/page"}],"author":[{"embeddable":true,"href":"https:\/\/caferiese.de\/en\/wp-json\/wp\/v2\/users\/1"}],"replies":[{"embeddable":true,"href":"https:\/\/caferiese.de\/en\/wp-json\/wp\/v2\/comments?post=2965"}],"version-history":[{"count":6,"href":"https:\/\/caferiese.de\/en\/wp-json\/wp\/v2\/pages\/2965\/revisions"}],"predecessor-version":[{"id":3614,"href":"https:\/\/caferiese.de\/en\/wp-json\/wp\/v2\/pages\/2965\/revisions\/3614"}],"up":[{"embeddable":true,"href":"https:\/\/caferiese.de\/en\/wp-json\/wp\/v2\/pages\/3149"}],"wp:attachment":[{"href":"https:\/\/caferiese.de\/en\/wp-json\/wp\/v2\/media?parent=2965"}],"curies":[{"name":"wp","href":"https:\/\/api.w.org\/{rel}","templated":true}]}}